{"id":7227,"date":"2026-04-28T11:17:09","date_gmt":"2026-04-28T09:17:09","guid":{"rendered":"https:\/\/marketkaps.com\/?page_id=7227"},"modified":"2026-04-30T09:55:29","modified_gmt":"2026-04-30T07:55:29","slug":"avis-dexperts","status":"publish","type":"page","link":"https:\/\/marketkaps.com\/en\/expert-opinions\/","title":{"rendered":"Expert Opinion"},"content":{"rendered":"<div data-elementor-type=\"wp-page\" data-elementor-id=\"7227\" class=\"elementor elementor-7227\" data-elementor-post-type=\"page\">\n\t\t\t\t<div class=\"elementor-element elementor-element-511043f e-flex e-con-boxed e-con e-parent\" data-id=\"511043f\" data-element_type=\"container\" data-e-type=\"container\" data-settings=\"{&quot;background_background&quot;:&quot;classic&quot;}\">\n\t\t\t\t\t<div class=\"e-con-inner\">\n\t\t\t\t<div class=\"elementor-element elementor-element-96825ba elementor-invisible elementor-widget elementor-widget-heading\" data-id=\"96825ba\" data-element_type=\"widget\" data-e-type=\"widget\" data-settings=\"{&quot;_animation&quot;:&quot;fadeInUp&quot;,&quot;_animation_delay&quot;:200}\" data-widget_type=\"heading.default\">\n\t\t\t\t<div class=\"elementor-widget-container\">\n\t\t\t\t\t<h1 class=\"elementor-heading-title elementor-size-default\">Expert opinion<\/h1>\t\t\t\t<\/div>\n\t\t\t\t<\/div>\n\t\t\t\t<div class=\"elementor-element elementor-element-490cfc7 ignore elementor-invisible elementor-widget elementor-widget-heading\" data-id=\"490cfc7\" data-element_type=\"widget\" data-e-type=\"widget\" data-settings=\"{&quot;_animation&quot;:&quot;fadeInLeft&quot;,&quot;_animation_delay&quot;:500}\" data-widget_type=\"heading.default\">\n\t\t\t\t<div class=\"elementor-widget-container\">\n\t\t\t\t\t<h2 class=\"elementor-heading-title elementor-size-default\">By Financial Experts from the Innovation Fund and Experts and Auditors from the Commission<\/h2>\t\t\t\t<\/div>\n\t\t\t\t<\/div>\n\t\t\t\t<div class=\"elementor-element elementor-element-49bece3 elementor-widget elementor-widget-spacer\" data-id=\"49bece3\" data-element_type=\"widget\" data-e-type=\"widget\" data-widget_type=\"spacer.default\">\n\t\t\t\t<div class=\"elementor-widget-container\">\n\t\t\t\t\t\t\t<div class=\"elementor-spacer\">\n\t\t\t<div class=\"elementor-spacer-inner\"><\/div>\n\t\t<\/div>\n\t\t\t\t\t\t<\/div>\n\t\t\t\t<\/div>\n\t\t\t\t<div class=\"elementor-element elementor-element-3eebfd3 elementor-icon-list--layout-inline elementor-align-center elementor-list-item-link-full_width elementor-widget elementor-widget-icon-list\" data-id=\"3eebfd3\" data-element_type=\"widget\" data-e-type=\"widget\" data-widget_type=\"icon-list.default\">\n\t\t\t\t<div class=\"elementor-widget-container\">\n\t\t\t\t\t\t\t<ul class=\"elementor-icon-list-items elementor-inline-items\">\n\t\t\t\t\t\t\t<li class=\"elementor-icon-list-item elementor-inline-item\">\n\t\t\t\t\t\t\t\t\t\t\t<a href=\"https:\/\/marketkaps.com\/en\/\">\n\n\t\t\t\t\t\t\t\t\t\t\t<span class=\"elementor-icon-list-text\">Welcome<\/span>\n\t\t\t\t\t\t\t\t\t\t\t<\/a>\n\t\t\t\t\t\t\t\t\t<\/li>\n\t\t\t\t\t\t\t\t<li class=\"elementor-icon-list-item elementor-inline-item\">\n\t\t\t\t\t\t\t\t\t\t\t<span class=\"elementor-icon-list-icon\">\n\t\t\t\t\t\t\t<svg aria-hidden=\"true\" class=\"e-font-icon-svg e-fas-angle-right\" viewbox=\"0 0 256 512\" xmlns=\"http:\/\/www.w3.org\/2000\/svg\"><path d=\"M224.3 273l-136 136c-9.4 9.4-24.6 9.4-33.9 0l-22.6-22.6c-9.4-9.4-9.4-24.6 0-33.9l96.4-96.4-96.4-96.4c-9.4-9.4-9.4-24.6 0-33.9L54.3 103c9.4-9.4 24.6-9.4 33.9 0l136 136c9.5 9.4 9.5 24.6.1 34z\"><\/path><\/svg>\t\t\t\t\t\t<\/span>\n\t\t\t\t\t\t\t\t\t\t<span class=\"elementor-icon-list-text\">Expert opinion<\/span>\n\t\t\t\t\t\t\t\t\t<\/li>\n\t\t\t\t\t\t<\/ul>\n\t\t\t\t\t\t<\/div>\n\t\t\t\t<\/div>\n\t\t\t\t\t<\/div>\n\t\t\t\t<\/div>\n\t\t<div class=\"elementor-element elementor-element-f6bd3cd e-flex e-con-boxed e-con e-parent\" data-id=\"f6bd3cd\" data-element_type=\"container\" data-e-type=\"container\">\n\t\t\t\t\t<div class=\"e-con-inner\">\n\t\t\t\t<div class=\"elementor-element elementor-element-0725ef7 elementor-widget elementor-widget-text-editor\" data-id=\"0725ef7\" data-element_type=\"widget\" data-e-type=\"widget\" data-widget_type=\"text-editor.default\">\n\t\t\t\t<div class=\"elementor-widget-container\">\n\t\t\t\t\t\t\t\t\t<p class=\"font-claude-response-body break-words whitespace-normal leading-[1.7]\">European funding programs are constantly evolving \u2013 new requirements from evaluators, changes in criteria, feedback from recent calls for proposals. To navigate this complex environment, simply monitoring the situation is not enough: perspective, methodology, and on-the-ground analysis are essential.<\/p><p class=\"font-claude-response-body break-words whitespace-normal leading-[1.7]\">This is the purpose of this section. Here, our experts share their analysis of the trends shaping the European funding landscape: key considerations regarding evaluation criteria, an explanation of the Commission&#039;s expectations, and lessons learned from real-world projects. These are concrete insights, drawn directly from our daily experience in project development.<\/p><p class=\"font-claude-response-body break-words whitespace-normal leading-[1.7]\">Whether you are preparing an application to the Innovation Fund, Horizon Europe or the EIC Accelerator, these articles are designed to help you make the right decisions at the right time.<\/p>\t\t\t\t\t\t\t\t<\/div>\n\t\t\t\t<\/div>\n\t\t\t\t<div class=\"elementor-element elementor-element-1b3021f elementor-posts--align-center elementor-grid-3 elementor-grid-tablet-2 elementor-grid-mobile-1 elementor-posts--thumbnail-top load-more-align-center elementor-widget elementor-widget-posts\" data-id=\"1b3021f\" data-element_type=\"widget\" data-e-type=\"widget\" data-settings=\"{&quot;pagination_type&quot;:&quot;load_more_on_click&quot;,&quot;classic_columns&quot;:&quot;3&quot;,&quot;classic_columns_tablet&quot;:&quot;2&quot;,&quot;classic_columns_mobile&quot;:&quot;1&quot;,&quot;classic_row_gap&quot;:{&quot;unit&quot;:&quot;px&quot;,&quot;size&quot;:35,&quot;sizes&quot;:[]},&quot;classic_row_gap_tablet&quot;:{&quot;unit&quot;:&quot;px&quot;,&quot;size&quot;:&quot;&quot;,&quot;sizes&quot;:[]},&quot;classic_row_gap_mobile&quot;:{&quot;unit&quot;:&quot;px&quot;,&quot;size&quot;:&quot;&quot;,&quot;sizes&quot;:[]},&quot;load_more_spinner&quot;:{&quot;value&quot;:&quot;fas fa-spinner&quot;,&quot;library&quot;:&quot;fa-solid&quot;}}\" data-widget_type=\"posts.classic\">\n\t\t\t\t<div class=\"elementor-widget-container\">\n\t\t\t\t\t\t\t<div class=\"elementor-posts-container elementor-posts elementor-posts--skin-classic elementor-grid\" role=\"list\">\n\t\t\t\t<article class=\"elementor-post elementor-grid-item post-7284 post type-post status-publish format-standard has-post-thumbnail hentry category-non-classifiee\" role=\"listitem\">\n\t\t\t\t<a class=\"elementor-post__thumbnail__link\" href=\"https:\/\/marketkaps.com\/en\/pourquoi-votre-irr-dans-innovation-fund-peut-vous-faire-rejeter\/\" tabindex=\"-1\" >\n\t\t\t<div class=\"elementor-post__thumbnail\"><img fetchpriority=\"high\" decoding=\"async\" width=\"1536\" height=\"1024\" src=\"https:\/\/marketkaps.com\/wp-content\/uploads\/2026\/04\/ChatGPT-Image-30-avr.-2026-09_53_04-1.png\" class=\"attachment-full size-full wp-image-7285\" alt=\"\" srcset=\"https:\/\/marketkaps.com\/wp-content\/uploads\/2026\/04\/ChatGPT-Image-30-avr.-2026-09_53_04-1.png 1536w, https:\/\/marketkaps.com\/wp-content\/uploads\/2026\/04\/ChatGPT-Image-30-avr.-2026-09_53_04-1-300x200.png 300w, https:\/\/marketkaps.com\/wp-content\/uploads\/2026\/04\/ChatGPT-Image-30-avr.-2026-09_53_04-1-1024x683.png 1024w, https:\/\/marketkaps.com\/wp-content\/uploads\/2026\/04\/ChatGPT-Image-30-avr.-2026-09_53_04-1-768x512.png 768w, https:\/\/marketkaps.com\/wp-content\/uploads\/2026\/04\/ChatGPT-Image-30-avr.-2026-09_53_04-1-18x12.png 18w\" sizes=\"(max-width: 1536px) 100vw, 1536px\" \/><\/div>\n\t\t<\/a>\n\t\t\t\t<div class=\"elementor-post__text\">\n\t\t\t\t<h3 class=\"elementor-post__title\">\n\t\t\t<a href=\"https:\/\/marketkaps.com\/en\/pourquoi-votre-irr-dans-innovation-fund-peut-vous-faire-rejeter\/\" >\n\t\t\t\tPourquoi votre IRR dans l\u2019Innovation Fund peut vous faire rejet (et comment le corriger).\t\t\t<\/a>\n\t\t<\/h3>\n\t\t\t\t<div class=\"elementor-post__meta-data\">\n\t\t\t\t\t<span class=\"elementor-post-date\">\n\t\t\t30 April 2026\t\t<\/span>\n\t\t\t\t<\/div>\n\t\t\t\t<\/div>\n\t\t\t\t<\/article>\n\t\t\t\t<article class=\"elementor-post elementor-grid-item post-5523 post type-post status-publish format-standard has-post-thumbnail hentry category-non-classifiee\" role=\"listitem\">\n\t\t\t\t<a class=\"elementor-post__thumbnail__link\" href=\"https:\/\/marketkaps.com\/en\/european-funding-as-a-strategic-growth-lever\/\" tabindex=\"-1\" >\n\t\t\t<div class=\"elementor-post__thumbnail\"><img decoding=\"async\" width=\"800\" height=\"253\" src=\"https:\/\/marketkaps.com\/wp-content\/uploads\/2025\/01\/Banner_Francois_2025.jpg\" class=\"attachment-full size-full wp-image-5515\" alt=\"Banner article\" srcset=\"https:\/\/marketkaps.com\/wp-content\/uploads\/2025\/01\/Banner_Francois_2025.jpg 800w, https:\/\/marketkaps.com\/wp-content\/uploads\/2025\/01\/Banner_Francois_2025-300x95.jpg 300w, https:\/\/marketkaps.com\/wp-content\/uploads\/2025\/01\/Banner_Francois_2025-768x243.jpg 768w, https:\/\/marketkaps.com\/wp-content\/uploads\/2025\/01\/Banner_Francois_2025-200x63.jpg 200w, https:\/\/marketkaps.com\/wp-content\/uploads\/2025\/01\/Banner_Francois_2025-400x127.jpg 400w, https:\/\/marketkaps.com\/wp-content\/uploads\/2025\/01\/Banner_Francois_2025-600x190.jpg 600w\" sizes=\"(max-width: 800px) 100vw, 800px\" \/><\/div>\n\t\t<\/a>\n\t\t\t\t<div class=\"elementor-post__text\">\n\t\t\t\t<h3 class=\"elementor-post__title\">\n\t\t\t<a href=\"https:\/\/marketkaps.com\/en\/european-funding-as-a-strategic-growth-lever\/\" >\n\t\t\t\tEuropean funding as a lever for strategic growth\t\t\t<\/a>\n\t\t<\/h3>\n\t\t\t\t<div class=\"elementor-post__meta-data\">\n\t\t\t\t\t<span class=\"elementor-post-date\">\n\t\t\tJanuary 7, 2025\t\t<\/span>\n\t\t\t\t<\/div>\n\t\t\t\t<\/div>\n\t\t\t\t<\/article>\n\t\t\t\t<article class=\"elementor-post elementor-grid-item post-5514 post type-post status-publish format-standard has-post-thumbnail hentry category-non-classifiee\" role=\"listitem\">\n\t\t\t\t<a class=\"elementor-post__thumbnail__link\" href=\"https:\/\/marketkaps.com\/en\/the_american_elections_an_opportunity_for_europe\/\" tabindex=\"-1\" >\n\t\t\t<div class=\"elementor-post__thumbnail\"><img decoding=\"async\" width=\"800\" height=\"253\" src=\"https:\/\/marketkaps.com\/wp-content\/uploads\/2025\/01\/Banner_Francois_2025.jpg\" class=\"attachment-full size-full wp-image-5515\" alt=\"Banner article\" srcset=\"https:\/\/marketkaps.com\/wp-content\/uploads\/2025\/01\/Banner_Francois_2025.jpg 800w, https:\/\/marketkaps.com\/wp-content\/uploads\/2025\/01\/Banner_Francois_2025-300x95.jpg 300w, https:\/\/marketkaps.com\/wp-content\/uploads\/2025\/01\/Banner_Francois_2025-768x243.jpg 768w, https:\/\/marketkaps.com\/wp-content\/uploads\/2025\/01\/Banner_Francois_2025-200x63.jpg 200w, https:\/\/marketkaps.com\/wp-content\/uploads\/2025\/01\/Banner_Francois_2025-400x127.jpg 400w, https:\/\/marketkaps.com\/wp-content\/uploads\/2025\/01\/Banner_Francois_2025-600x190.jpg 600w\" sizes=\"(max-width: 800px) 100vw, 800px\" \/><\/div>\n\t\t<\/a>\n\t\t\t\t<div class=\"elementor-post__text\">\n\t\t\t\t<h3 class=\"elementor-post__title\">\n\t\t\t<a href=\"https:\/\/marketkaps.com\/en\/the_american_elections_an_opportunity_for_europe\/\" >\n\t\t\t\tThe American elections, an opportunity for Europe\t\t\t<\/a>\n\t\t<\/h3>\n\t\t\t\t<div class=\"elementor-post__meta-data\">\n\t\t\t\t\t<span class=\"elementor-post-date\">\n\t\t\tJanuary 7, 2025\t\t<\/span>\n\t\t\t\t<\/div>\n\t\t\t\t<\/div>\n\t\t\t\t<\/article>\n\t\t\t\t<\/div>\n\t\t\t\t\t<span class=\"e-load-more-spinner\">\n\t\t\t\t<svg aria-hidden=\"true\" class=\"e-font-icon-svg e-fas-spinner\" viewbox=\"0 0 512 512\" xmlns=\"http:\/\/www.w3.org\/2000\/svg\"><path d=\"M304 48c0 26.51-21.49 48-48 48s-48-21.49-48-48 21.49-48 48-48 48 21.49 48 48zm-48 368c-26.51 0-48 21.49-48 48s21.49 48 48 48 48-21.49 48-48-21.49-48-48-48zm208-208c-26.51 0-48 21.49-48 48s21.49 48 48 48 48-21.49 48-48-21.49-48-48-48zM96 256c0-26.51-21.49-48-48-48S0 229.49 0 256s21.49 48 48 48 48-21.49 48-48zm12.922 99.078c-26.51 0-48 21.49-48 48s21.49 48 48 48 48-21.49 48-48c0-26.509-21.491-48-48-48zm294.156 0c-26.51 0-48 21.49-48 48s21.49 48 48 48 48-21.49 48-48c0-26.509-21.49-48-48-48zM108.922 60.922c-26.51 0-48 21.49-48 48s21.49 48 48 48 48-21.49 48-48-21.491-48-48-48z\"><\/path><\/svg>\t\t\t<\/span>\n\t\t\n\t\t\t\t\t\t<\/div>\n\t\t\t\t<\/div>\n\t\t\t\t\t<\/div>\n\t\t\t\t<\/div>\n\t\t\t\t<\/div>","protected":false},"excerpt":{"rendered":"<p>Avis d&rsquo;experts Par des Financial Experts Innovation Fund et Experts et Auditeurs de la Commission Accueil Avis d&rsquo;experts Les programmes de financement europ\u00e9ens \u00e9voluent en<\/p>","protected":false},"author":4,"featured_media":0,"parent":0,"menu_order":0,"comment_status":"closed","ping_status":"closed","template":"elementor_header_footer","meta":{"footnotes":""},"class_list":["post-7227","page","type-page","status-publish","hentry"],"yoast_head":"<!-- This site is optimized with the Yoast SEO plugin v27.5 - https:\/\/yoast.com\/product\/yoast-seo-wordpress\/ -->\n<title>Les programmes de Financements Europ\u00e9ens pour l&#039;Innovation<\/title>\n<meta name=\"description\" content=\"Les programmes de Financements Europ\u00e9ens sont essentiels pour renforcer la comp\u00e9titivit\u00e9 et la durabilit\u00e9 en mati\u00e8re de R&amp;D&amp;I.\" \/>\n<meta name=\"robots\" content=\"index, follow, max-snippet:-1, max-image-preview:large, max-video-preview:-1\" \/>\n<link rel=\"canonical\" href=\"https:\/\/marketkaps.com\/en\/expert-opinions\/\" \/>\n<meta property=\"og:locale\" content=\"en_GB\" \/>\n<meta property=\"og:type\" content=\"article\" \/>\n<meta property=\"og:title\" content=\"Les programmes de Financements Europ\u00e9ens pour l&#039;Innovation\" \/>\n<meta property=\"og:description\" content=\"Les programmes de Financements Europ\u00e9ens sont essentiels pour renforcer la comp\u00e9titivit\u00e9 et la durabilit\u00e9 en mati\u00e8re de R&amp;D&amp;I.\" \/>\n<meta property=\"og:url\" content=\"https:\/\/marketkaps.com\/en\/expert-opinions\/\" \/>\n<meta property=\"og:site_name\" content=\"Marketkaps\" \/>\n<meta property=\"article:modified_time\" content=\"2026-04-30T07:55:29+00:00\" \/>\n<meta property=\"og:image\" content=\"https:\/\/marketkaps.com\/wp-content\/uploads\/2020\/10\/EU_flag.jpg\" \/>\n\t<meta property=\"og:image:width\" content=\"1199\" \/>\n\t<meta property=\"og:image:height\" content=\"511\" \/>\n\t<meta property=\"og:image:type\" content=\"image\/jpeg\" \/>\n<meta name=\"twitter:card\" content=\"summary_large_image\" \/>\n<meta name=\"twitter:site\" content=\"@marketkaps\" \/>\n<script type=\"application\/ld+json\" class=\"yoast-schema-graph\">{\"@context\":\"https:\\\/\\\/schema.org\",\"@graph\":[{\"@type\":\"WebPage\",\"@id\":\"https:\\\/\\\/marketkaps.com\\\/avis-dexperts\\\/\",\"url\":\"https:\\\/\\\/marketkaps.com\\\/avis-dexperts\\\/\",\"name\":\"Les programmes de Financements Europ\u00e9ens pour l'Innovation\",\"isPartOf\":{\"@id\":\"https:\\\/\\\/marketkaps.com\\\/#website\"},\"datePublished\":\"2026-04-28T09:17:09+00:00\",\"dateModified\":\"2026-04-30T07:55:29+00:00\",\"description\":\"Les programmes de Financements Europ\u00e9ens sont essentiels pour renforcer la comp\u00e9titivit\u00e9 et la durabilit\u00e9 en mati\u00e8re de R&D&I.\",\"breadcrumb\":{\"@id\":\"https:\\\/\\\/marketkaps.com\\\/avis-dexperts\\\/#breadcrumb\"},\"inLanguage\":\"en-GB\",\"potentialAction\":[{\"@type\":\"ReadAction\",\"target\":[\"https:\\\/\\\/marketkaps.com\\\/avis-dexperts\\\/\"]}]},{\"@type\":\"BreadcrumbList\",\"@id\":\"https:\\\/\\\/marketkaps.com\\\/avis-dexperts\\\/#breadcrumb\",\"itemListElement\":[{\"@type\":\"ListItem\",\"position\":1,\"name\":\"Accueil\",\"item\":\"https:\\\/\\\/marketkaps.com\\\/\"},{\"@type\":\"ListItem\",\"position\":2,\"name\":\"Avis d&rsquo;Experts\"}]},{\"@type\":\"WebSite\",\"@id\":\"https:\\\/\\\/marketkaps.com\\\/#website\",\"url\":\"https:\\\/\\\/marketkaps.com\\\/\",\"name\":\"Marketkaps - Innovation Funding Experts\",\"description\":\"Marketkaps \u2014 Expert in the strategic architecture and design of European projects.\",\"publisher\":{\"@id\":\"https:\\\/\\\/marketkaps.com\\\/#organization\"},\"alternateName\":\"Marketkaps\",\"potentialAction\":[{\"@type\":\"SearchAction\",\"target\":{\"@type\":\"EntryPoint\",\"urlTemplate\":\"https:\\\/\\\/marketkaps.com\\\/?s={search_term_string}\"},\"query-input\":{\"@type\":\"PropertyValueSpecification\",\"valueRequired\":true,\"valueName\":\"search_term_string\"}}],\"inLanguage\":\"en-GB\"},{\"@type\":\"Organization\",\"@id\":\"https:\\\/\\\/marketkaps.com\\\/#organization\",\"name\":\"Marketkaps S.A.S\",\"alternateName\":\"Marketkaps\",\"url\":\"https:\\\/\\\/marketkaps.com\\\/\",\"logo\":{\"@type\":\"ImageObject\",\"inLanguage\":\"en-GB\",\"@id\":\"https:\\\/\\\/marketkaps.com\\\/#\\\/schema\\\/logo\\\/image\\\/\",\"url\":\"https:\\\/\\\/marketkaps.com\\\/wp-content\\\/uploads\\\/2021\\\/10\\\/Marketkaps_STAR_New_logo_2021_couleur_transparent_300.png\",\"contentUrl\":\"https:\\\/\\\/marketkaps.com\\\/wp-content\\\/uploads\\\/2021\\\/10\\\/Marketkaps_STAR_New_logo_2021_couleur_transparent_300.png\",\"width\":300,\"height\":300,\"caption\":\"Marketkaps S.A.S\"},\"image\":{\"@id\":\"https:\\\/\\\/marketkaps.com\\\/#\\\/schema\\\/logo\\\/image\\\/\"},\"sameAs\":[\"https:\\\/\\\/x.com\\\/marketkaps\",\"https:\\\/\\\/www.linkedin.com\\\/company\\\/marketkaps\",\"https:\\\/\\\/www.youtube.com\\\/channel\\\/UCTK8hEEv8qFKqiaCenbQXQw\",\"https:\\\/\\\/www.instagram.com\\\/marketkaps\"]}]}<\/script>\n<!-- \/ Yoast SEO plugin. -->","yoast_head_json":{"title":"Les programmes de Financements Europ\u00e9ens pour l'Innovation","description":"Les programmes de Financements Europ\u00e9ens sont essentiels pour renforcer la comp\u00e9titivit\u00e9 et la durabilit\u00e9 en mati\u00e8re de R&D&I.","robots":{"index":"index","follow":"follow","max-snippet":"max-snippet:-1","max-image-preview":"max-image-preview:large","max-video-preview":"max-video-preview:-1"},"canonical":"https:\/\/marketkaps.com\/en\/expert-opinions\/","og_locale":"en_GB","og_type":"article","og_title":"Les programmes de Financements Europ\u00e9ens pour l'Innovation","og_description":"Les programmes de Financements Europ\u00e9ens sont essentiels pour renforcer la comp\u00e9titivit\u00e9 et la durabilit\u00e9 en mati\u00e8re de R&D&I.","og_url":"https:\/\/marketkaps.com\/en\/expert-opinions\/","og_site_name":"Marketkaps","article_modified_time":"2026-04-30T07:55:29+00:00","og_image":[{"width":1199,"height":511,"url":"https:\/\/marketkaps.com\/wp-content\/uploads\/2020\/10\/EU_flag.jpg","type":"image\/jpeg"}],"twitter_card":"summary_large_image","twitter_site":"@marketkaps","schema":{"@context":"https:\/\/schema.org","@graph":[{"@type":"WebPage","@id":"https:\/\/marketkaps.com\/avis-dexperts\/","url":"https:\/\/marketkaps.com\/avis-dexperts\/","name":"Les programmes de Financements Europ\u00e9ens pour l'Innovation","isPartOf":{"@id":"https:\/\/marketkaps.com\/#website"},"datePublished":"2026-04-28T09:17:09+00:00","dateModified":"2026-04-30T07:55:29+00:00","description":"Les programmes de Financements Europ\u00e9ens sont essentiels pour renforcer la comp\u00e9titivit\u00e9 et la durabilit\u00e9 en mati\u00e8re de R&D&I.","breadcrumb":{"@id":"https:\/\/marketkaps.com\/avis-dexperts\/#breadcrumb"},"inLanguage":"en-GB","potentialAction":[{"@type":"ReadAction","target":["https:\/\/marketkaps.com\/avis-dexperts\/"]}]},{"@type":"BreadcrumbList","@id":"https:\/\/marketkaps.com\/avis-dexperts\/#breadcrumb","itemListElement":[{"@type":"ListItem","position":1,"name":"Accueil","item":"https:\/\/marketkaps.com\/"},{"@type":"ListItem","position":2,"name":"Avis d&rsquo;Experts"}]},{"@type":"WebSite","@id":"https:\/\/marketkaps.com\/#website","url":"https:\/\/marketkaps.com\/","name":"Marketkaps - Innovation Funding Experts","description":"Marketkaps \u2014 Expert in the strategic architecture and design of European projects.","publisher":{"@id":"https:\/\/marketkaps.com\/#organization"},"alternateName":"Marketkaps","potentialAction":[{"@type":"SearchAction","target":{"@type":"EntryPoint","urlTemplate":"https:\/\/marketkaps.com\/?s={search_term_string}"},"query-input":{"@type":"PropertyValueSpecification","valueRequired":true,"valueName":"search_term_string"}}],"inLanguage":"en-GB"},{"@type":"Organization","@id":"https:\/\/marketkaps.com\/#organization","name":"Marketkaps S.A.S","alternateName":"Marketkaps","url":"https:\/\/marketkaps.com\/","logo":{"@type":"ImageObject","inLanguage":"en-GB","@id":"https:\/\/marketkaps.com\/#\/schema\/logo\/image\/","url":"https:\/\/marketkaps.com\/wp-content\/uploads\/2021\/10\/Marketkaps_STAR_New_logo_2021_couleur_transparent_300.png","contentUrl":"https:\/\/marketkaps.com\/wp-content\/uploads\/2021\/10\/Marketkaps_STAR_New_logo_2021_couleur_transparent_300.png","width":300,"height":300,"caption":"Marketkaps S.A.S"},"image":{"@id":"https:\/\/marketkaps.com\/#\/schema\/logo\/image\/"},"sameAs":["https:\/\/x.com\/marketkaps","https:\/\/www.linkedin.com\/company\/marketkaps","https:\/\/www.youtube.com\/channel\/UCTK8hEEv8qFKqiaCenbQXQw","https:\/\/www.instagram.com\/marketkaps"]}]}},"_links":{"self":[{"href":"https:\/\/marketkaps.com\/en\/wp-json\/wp\/v2\/pages\/7227","targetHints":{"allow":["GET"]}}],"collection":[{"href":"https:\/\/marketkaps.com\/en\/wp-json\/wp\/v2\/pages"}],"about":[{"href":"https:\/\/marketkaps.com\/en\/wp-json\/wp\/v2\/types\/page"}],"author":[{"embeddable":true,"href":"https:\/\/marketkaps.com\/en\/wp-json\/wp\/v2\/users\/4"}],"replies":[{"embeddable":true,"href":"https:\/\/marketkaps.com\/en\/wp-json\/wp\/v2\/comments?post=7227"}],"version-history":[{"count":37,"href":"https:\/\/marketkaps.com\/en\/wp-json\/wp\/v2\/pages\/7227\/revisions"}],"predecessor-version":[{"id":7281,"href":"https:\/\/marketkaps.com\/en\/wp-json\/wp\/v2\/pages\/7227\/revisions\/7281"}],"wp:attachment":[{"href":"https:\/\/marketkaps.com\/en\/wp-json\/wp\/v2\/media?parent=7227"}],"curies":[{"name":"wp","href":"https:\/\/api.w.org\/{rel}","templated":true}]}}